
{"id":3,"date":"2019-10-30T12:22:15","date_gmt":"2019-10-30T11:22:15","guid":{"rendered":"https:\/\/acampamentocaurel.com\/?page_id=3"},"modified":"2021-01-25T10:28:22","modified_gmt":"2021-01-25T09:28:22","slug":"politica-privacidad","status":"publish","type":"page","link":"https:\/\/acampamentocaurel.com\/es\/politica-privacidad\/","title":{"rendered":"Pol\u00edtica de privacidad"},"content":{"rendered":"\r\n<h1 class=\"wp-block-heading\">POL\u00cdTICA DE PROTECCI\u00d3N DE DATOS PERSONALES<\/h1>\r\n<p><span style=\"font-weight: 400;\">En este documento le facilitamos informaci\u00f3n importante acerca de la recogida y tratamiento que hacemos sobre sus datos de car\u00e1cter personal. Por ello, le recomendamos leer atentamente su contenido para que nos pueda facilitar su consentimiento al tratamiento de dichos datos.<\/span><\/p>\r\n<h2>\u00a0<\/h2>\r\n<h2>\u00bfQui\u00e9n es el responsable del tratamiento de los datos?<\/h2>\r\n<p><span style=\"font-weight: 400;\">Identidad: TREPAS PRODUCIONS S.L..<\/span><\/p>\r\n<p><span style=\"font-weight: 400;\">CIF: B-94162161<\/span><\/p>\r\n<p><span style=\"font-weight: 400;\">Direcci\u00f3n Postal: Avda. Pontevedra. N.\u00ba 66, CP 36970- Portonovo, Pontevedra<\/span><\/p>\r\n<p><span style=\"font-weight: 400;\">Correo electr\u00f3nico: <\/span><span style=\"font-weight: 400;\">correo@acampamentocaurel.com<\/span><\/p>\r\n<h2>\u00a0<\/h2>\r\n<h2>\u00bfCu\u00e1l es la finalidad de la recogida y tratamiento de sus datos?<\/h2>\r\n<p><span style=\"font-weight: 400;\">Recogemos sus datos para poder gestionar su reserva, prestarle el servicio de alojamiento solicitado en Acampamento O Caurel, as\u00ed como gestionar el pago de su estancia,<\/span><\/p>\r\n<p><span style=\"font-weight: 400;\">\u00a0En ning\u00fan caso se utilizar\u00e1n los datos para otras finalidades a las mencionadas anteriormente.<\/span><\/p>\r\n<h2>\u00a0<\/h2>\r\n<h2>\u00bfCu\u00e1l es la legitimaci\u00f3n para el tratamiento de sus datos?<\/h2>\r\n<p><span style=\"font-weight: 400;\">La base legal del tratamiento de sus datos es la ejecuci\u00f3n de la relaci\u00f3n contractual que nos une, del cual usted es parte interesada, y el tratamiento de sus datos es imprescindible para la ejecuci\u00f3n de esta<\/span><\/p>\r\n<h2>\u00a0<\/h2>\r\n<h2>\u00bfCu\u00e1nto tiempo conservaremos sus datos?<\/h2>\r\n<p><span style=\"font-weight: 400;\">C<\/span><span style=\"font-weight: 400;\">onservaremos sus datos personales durante el plazo necesario para cumplir con la prestaci\u00f3n del servicio encargado. Asimismo, le informamos que mantendremos sus datos durante<\/span><span style=\"font-weight: 400;\"> todo el tiempo exigido por la legislaci\u00f3n aplicable y hasta que prescriban las eventuales responsabilidades derivadas de la prestaci\u00f3n del servicio, a los efectos de la formulaci\u00f3n, el ejercicio o la defensa de eventuales reclamaciones<\/span><span style=\"font-weight: 400;\">.<\/span><\/p>\r\n<h2>\u00a0<\/h2>\r\n<h2>\u00bfA qui\u00e9n comunico sus datos?<\/h2>\r\n<p><span style=\"font-weight: 400;\">Le informamos que no comunicaremos sus datos a terceros, salvo que estemos obligados a ello por alguna norma legal.<\/span><\/p>\r\n<h2>\u00a0<\/h2>\r\n<h2>\u00bfCu\u00e1les son sus derechos al facilitarme sus datos?<\/h2>\r\n<p><span style=\"font-weight: 400;\">Usted debe saber que, por el hecho de tratar sus datos personales, dispone de unos derechos que detallamos a continuaci\u00f3n:<\/span><\/p>\r\n<ul>\r\n<li style=\"font-weight: 400;\"><span style=\"font-weight: 400;\">Podr\u00e1 solicitar acceso a todos sus datos personales que tratamos (<\/span><i><span style=\"font-weight: 400;\">derecho de acceso<\/span><\/i><span style=\"font-weight: 400;\">).<\/span><\/li>\r\n<li style=\"font-weight: 400;\"><span style=\"font-weight: 400;\">Tendr\u00e1 derecho a rectificar sus datos, bien porque son inexactos o porque han cambiado (<\/span><i><span style=\"font-weight: 400;\">derecho de rectificaci\u00f3n<\/span><\/i><span style=\"font-weight: 400;\">).<\/span><\/li>\r\n<li style=\"font-weight: 400;\"><span style=\"font-weight: 400;\">Igualmente podr\u00e1 solicitar el borrado de sus datos cuando haya finalizado la relaci\u00f3n que nos une. En varias circunstancias, el borrado no podr\u00e1 ser completo hasta que transcurran los plazos previstos por la legislaci\u00f3n fiscal, civil o administrativa respecto a la prescripci\u00f3n de responsabilidades\u00a0 <\/span><i><span style=\"font-weight: 400;\">(derecho de supresi\u00f3n)<\/span><\/i><\/li>\r\n<li style=\"font-weight: 400;\"><i><span style=\"font-weight: 400;\">Tendr\u00e1 derecho a solicitar que no se traten sus datos personales (<\/span><span style=\"font-weight: 400;\">derecho de oposici\u00f3n).<\/span><\/i><\/li>\r\n<li style=\"font-weight: 400;\"><span style=\"font-weight: 400;\">Tambi\u00e9n podr\u00e1 solicitar la limitaci\u00f3n del tratamiento de sus datos en los siguientes casos (<\/span><i><span style=\"font-weight: 400;\">derecho a la limitaci\u00f3n del tratamiento<\/span><\/i><span style=\"font-weight: 400;\">):<\/span>\r\n<ul>\r\n<li style=\"font-weight: 400;\"><span style=\"font-weight: 400;\">Durante el estudio de impugnaci\u00f3n por la inexactitud de sus datos.<\/span><\/li>\r\n<li style=\"font-weight: 400;\"><span style=\"font-weight: 400;\">Si el tratamiento es il\u00edcito, usted se puede oponer a la supresi\u00f3n de sus datos, y solicitar en su lugar la limitaci\u00f3n de su uso.<\/span><\/li>\r\n<li style=\"font-weight: 400;\"><span style=\"font-weight: 400;\">Cuando no necesitemos tratar sus datos, pero usted los necesite para el ejercicio o defensa ante posibles reclamaciones.<\/span><\/li>\r\n<li style=\"font-weight: 400;\"><span style=\"font-weight: 400;\">Si usted se ha opuesto al tratamiento de los datos alegando inter\u00e9s p\u00fablico o leg\u00edtimo, mientras estamos analizando si nuestros motivos para el tratamiento prevalecen sobre sus intereses.<\/span><\/li>\r\n<\/ul>\r\n<\/li>\r\n<li style=\"font-weight: 400;\"><span style=\"font-weight: 400;\">Tendr\u00e1 derecho a que le entreguemos sus datos personales en formato electr\u00f3nico, de forma que sea manejable por usted (<\/span><i><span style=\"font-weight: 400;\">derecho a la portabilidad<\/span><\/i><span style=\"font-weight: 400;\">).<\/span><\/li>\r\n<\/ul>\r\n<p><span style=\"font-weight: 400;\">Puede ejercitar estos derechos y en general, consultar todas las cuestiones relativas al tratamiento de sus datos personales mediante el env\u00edo de un correo electr\u00f3nico a <\/span><a href=\"mailto:correo@acampamentocaurel.com\"><span style=\"font-weight: 400;\">correo@acampamentocaurel.com<\/span><\/a> <span style=\"font-weight: 400;\">\u00a0o por correo postal dirigi\u00e9ndose a Avda. de Pontevedra. N.\u00ba 66, CP 36970- Portonovo, Pontevedra (A\/A TREPAS PRODUCIONS S.L), aportando copia de su DNI o documento an\u00e1logo.<\/span><\/p>\r\n<ul>\r\n<li style=\"font-weight: 400;\"><span style=\"font-weight: 400;\">En el supuesto que no haya obtenido satisfacci\u00f3n en el ejercicio de sus derechos, puede presentar una reclamaci\u00f3n ante la Agencia Espa\u00f1ola de Protecci\u00f3n de Datos. Dispone la informaci\u00f3n necesaria para ello en <\/span><a href=\"http:\/\/www.agpd.es\/\"><span style=\"font-weight: 400;\">www.agpd.es<\/span><\/a><span style=\"font-weight: 400;\">\u00a0<\/span><\/li>\r\n<\/ul>\r\n<h2>\u00a0<\/h2>\r\n<h2>\u00bfEst\u00e1n seguros sus datos?<\/h2>\r\n<p><span style=\"font-weight: 400;\">En TREPAS PRODUCIONS S.L. recogemos, tratamos y almacenamos sus datos aplicando pol\u00edticas y normas de seguridad de la informaci\u00f3n. Estas medidas de seguridad aplican tanto a la informaci\u00f3n en formato electr\u00f3nico como en papel, y garantizan la confidencialidad, integridad y disponibilidad de sus datos. En caso de que exista un evento o incidente que comprometa sus datos, se lo comunicaremos en el plazo m\u00e1ximo de 72 horas desde que hayamos tenido conocimiento del mismo\u00a0<\/span><\/p>\r\n<h2>\u00a0<\/h2>\r\n<p><span style=\"font-weight: 400;\">Si marca la casilla de que acepta la protecci\u00f3n de datos en cualquiera de los formularios de recogida de datos que incluye nuestra p\u00e1gina web estar\u00e1 dando consentimiento expreso para la recogida y tratamiento de sus datos, en los t\u00e9rminos establecidos en este documento.<\/span><\/p>\r\n","protected":false},"excerpt":{"rendered":"<p>POL\u00cdTICA DE PROTECCI\u00d3N DE DATOS PERSONALES En este documento le facilitamos informaci\u00f3n importante acerca de la recogida y tratamiento que hacemos sobre sus [&hellip;]<\/p>\n","protected":false},"author":1,"featured_media":0,"parent":0,"menu_order":0,"comment_status":"closed","ping_status":"open","template":"","meta":{"footnotes":""},"class_list":["post-3","page","type-page","status-publish","hentry"],"yoast_head":"<!-- This site is optimized with the Yoast SEO plugin v27.1.1 - https:\/\/yoast.com\/product\/yoast-seo-wordpress\/ -->\n<title>Pol\u00edtica de privacidad - Acampamento Caurel<\/title>\n<meta name=\"robots\" content=\"index, follow, max-snippet:-1, max-image-preview:large, max-video-preview:-1\" \/>\n<link rel=\"canonical\" href=\"https:\/\/acampamentocaurel.com\/es\/politica-privacidad\/\" \/>\n<meta property=\"og:locale\" content=\"es_ES\" \/>\n<meta property=\"og:type\" content=\"article\" \/>\n<meta property=\"og:title\" content=\"Pol\u00edtica de privacidad - Acampamento Caurel\" \/>\n<meta property=\"og:description\" content=\"POL\u00cdTICA DE PROTECCI\u00d3N DE DATOS PERSONALES En este documento le facilitamos informaci\u00f3n importante acerca de la recogida y tratamiento que hacemos sobre sus [&hellip;]\" \/>\n<meta property=\"og:url\" content=\"https:\/\/acampamentocaurel.com\/es\/politica-privacidad\/\" \/>\n<meta property=\"og:site_name\" content=\"Acampamento Caurel\" \/>\n<meta property=\"article:modified_time\" content=\"2021-01-25T09:28:22+00:00\" \/>\n<meta name=\"twitter:card\" content=\"summary_large_image\" \/>\n<meta name=\"twitter:label1\" content=\"Tiempo de lectura\" \/>\n\t<meta name=\"twitter:data1\" content=\"4 minutos\" \/>\n<script type=\"application\/ld+json\" class=\"yoast-schema-graph\">{\"@context\":\"https:\/\/schema.org\",\"@graph\":[{\"@type\":\"WebPage\",\"@id\":\"https:\/\/acampamentocaurel.com\/es\/politica-privacidad\/\",\"url\":\"https:\/\/acampamentocaurel.com\/es\/politica-privacidad\/\",\"name\":\"Pol\u00edtica de privacidad - Acampamento Caurel\",\"isPartOf\":{\"@id\":\"https:\/\/acampamentocaurel.com\/#website\"},\"datePublished\":\"2019-10-30T11:22:15+00:00\",\"dateModified\":\"2021-01-25T09:28:22+00:00\",\"breadcrumb\":{\"@id\":\"https:\/\/acampamentocaurel.com\/es\/politica-privacidad\/#breadcrumb\"},\"inLanguage\":\"es\",\"potentialAction\":[{\"@type\":\"ReadAction\",\"target\":[\"https:\/\/acampamentocaurel.com\/es\/politica-privacidad\/\"]}]},{\"@type\":\"BreadcrumbList\",\"@id\":\"https:\/\/acampamentocaurel.com\/es\/politica-privacidad\/#breadcrumb\",\"itemListElement\":[{\"@type\":\"ListItem\",\"position\":1,\"name\":\"Portada\",\"item\":\"https:\/\/acampamentocaurel.com\/es\/\"},{\"@type\":\"ListItem\",\"position\":2,\"name\":\"Pol\u00edtica de privacidad\"}]},{\"@type\":\"WebSite\",\"@id\":\"https:\/\/acampamentocaurel.com\/#website\",\"url\":\"https:\/\/acampamentocaurel.com\/\",\"name\":\"Acampamento Caurel\",\"description\":\"Camping y apartamentos en el Caurel\",\"potentialAction\":[{\"@type\":\"SearchAction\",\"target\":{\"@type\":\"EntryPoint\",\"urlTemplate\":\"https:\/\/acampamentocaurel.com\/?s={search_term_string}\"},\"query-input\":{\"@type\":\"PropertyValueSpecification\",\"valueRequired\":true,\"valueName\":\"search_term_string\"}}],\"inLanguage\":\"es\"}]}<\/script>\n<!-- \/ Yoast SEO plugin. -->","yoast_head_json":{"title":"Pol\u00edtica de privacidad - Acampamento Caurel","robots":{"index":"index","follow":"follow","max-snippet":"max-snippet:-1","max-image-preview":"max-image-preview:large","max-video-preview":"max-video-preview:-1"},"canonical":"https:\/\/acampamentocaurel.com\/es\/politica-privacidad\/","og_locale":"es_ES","og_type":"article","og_title":"Pol\u00edtica de privacidad - Acampamento Caurel","og_description":"POL\u00cdTICA DE PROTECCI\u00d3N DE DATOS PERSONALES En este documento le facilitamos informaci\u00f3n importante acerca de la recogida y tratamiento que hacemos sobre sus [&hellip;]","og_url":"https:\/\/acampamentocaurel.com\/es\/politica-privacidad\/","og_site_name":"Acampamento Caurel","article_modified_time":"2021-01-25T09:28:22+00:00","twitter_card":"summary_large_image","twitter_misc":{"Tiempo de lectura":"4 minutos"},"schema":{"@context":"https:\/\/schema.org","@graph":[{"@type":"WebPage","@id":"https:\/\/acampamentocaurel.com\/es\/politica-privacidad\/","url":"https:\/\/acampamentocaurel.com\/es\/politica-privacidad\/","name":"Pol\u00edtica de privacidad - Acampamento Caurel","isPartOf":{"@id":"https:\/\/acampamentocaurel.com\/#website"},"datePublished":"2019-10-30T11:22:15+00:00","dateModified":"2021-01-25T09:28:22+00:00","breadcrumb":{"@id":"https:\/\/acampamentocaurel.com\/es\/politica-privacidad\/#breadcrumb"},"inLanguage":"es","potentialAction":[{"@type":"ReadAction","target":["https:\/\/acampamentocaurel.com\/es\/politica-privacidad\/"]}]},{"@type":"BreadcrumbList","@id":"https:\/\/acampamentocaurel.com\/es\/politica-privacidad\/#breadcrumb","itemListElement":[{"@type":"ListItem","position":1,"name":"Portada","item":"https:\/\/acampamentocaurel.com\/es\/"},{"@type":"ListItem","position":2,"name":"Pol\u00edtica de privacidad"}]},{"@type":"WebSite","@id":"https:\/\/acampamentocaurel.com\/#website","url":"https:\/\/acampamentocaurel.com\/","name":"Acampamento Caurel","description":"Camping y apartamentos en el Caurel","potentialAction":[{"@type":"SearchAction","target":{"@type":"EntryPoint","urlTemplate":"https:\/\/acampamentocaurel.com\/?s={search_term_string}"},"query-input":{"@type":"PropertyValueSpecification","valueRequired":true,"valueName":"search_term_string"}}],"inLanguage":"es"}]}},"_links":{"self":[{"href":"https:\/\/acampamentocaurel.com\/es\/wp-json\/wp\/v2\/pages\/3","targetHints":{"allow":["GET"]}}],"collection":[{"href":"https:\/\/acampamentocaurel.com\/es\/wp-json\/wp\/v2\/pages"}],"about":[{"href":"https:\/\/acampamentocaurel.com\/es\/wp-json\/wp\/v2\/types\/page"}],"author":[{"embeddable":true,"href":"https:\/\/acampamentocaurel.com\/es\/wp-json\/wp\/v2\/users\/1"}],"replies":[{"embeddable":true,"href":"https:\/\/acampamentocaurel.com\/es\/wp-json\/wp\/v2\/comments?post=3"}],"version-history":[{"count":7,"href":"https:\/\/acampamentocaurel.com\/es\/wp-json\/wp\/v2\/pages\/3\/revisions"}],"predecessor-version":[{"id":6170,"href":"https:\/\/acampamentocaurel.com\/es\/wp-json\/wp\/v2\/pages\/3\/revisions\/6170"}],"wp:attachment":[{"href":"https:\/\/acampamentocaurel.com\/es\/wp-json\/wp\/v2\/media?parent=3"}],"curies":[{"name":"wp","href":"https:\/\/api.w.org\/{rel}","templated":true}]}}