
{"id":4133,"date":"2019-12-16T21:41:50","date_gmt":"2019-12-16T20:41:50","guid":{"rendered":"https:\/\/acampamentocaurel.com\/?page_id=4133"},"modified":"2026-03-11T10:53:14","modified_gmt":"2026-03-11T09:53:14","slug":"pagos-y-cancelaciones","status":"publish","type":"page","link":"https:\/\/acampamentocaurel.com\/es\/pagos-y-cancelaciones\/","title":{"rendered":"Pagos y cancelaciones"},"content":{"rendered":"<h1>Pagos y cancelaciones<\/h1>\n<h2><\/h2>\n<h2>Pagos<\/h2>\n<h3>\u00bfC\u00f3mo realizar\u00e9 el pago de mi reserva?<\/h3>\n<p><strong>Tras solicitar las fechas en las que est\u00e1s interesada<\/strong> te confirmaremos la disponibilidad y el precio total. Posteriormente tendr\u00e1s que hacer el pago del 40% del importe total de la misma mediante transferencia bancaria a nuestra cuenta<strong> IBAN ES30 2080 0155 1130 4000 2088,<\/strong> indicando en el asunto de la transferencia el nombre que nos hayas facilitado durante nuestra conversaci\u00f3n.<\/p>\n<h2 style=\"text-align: center;\"><span style=\"color: #78bca1;\"><strong>IBAN: ES30 2080 0155 1130 4000 2088<\/strong><\/span><\/h2>\n<p style=\"text-align: center;\"><strong>BENEFICIARIO: TREPAS PRODUCIONS S.L<\/strong><\/p>\n<p>&nbsp;<\/p>\n<p>Te recordamos que hasta que no hayas completado tu primer pago la reserva no estar\u00e1 completa.<\/p>\n<p><strong>El resto del pago de su reserva se realizar\u00e1 en nuestro Acampamento<\/strong>, donde aceptamos tanto pago en efectivo como pago con tarjeta de cr\u00e9dito.<\/p>\n<p>&nbsp;<\/p>\n<h2>Cancelaciones<\/h2>\n<h3>\u00bfC\u00f3mo puedo cancelar mi reserva?<\/h3>\n<p>La mejor manera de cancelar su reserva ser\u00e1 de forma telef\u00f3nica, para asegurar que recibamos toda la informaci\u00f3n. Nuestro tel\u00e9fono para estas gestiones es el \u00a0<a href=\"tel:622051803\">622 051 803\u00a0<\/a>o el <a href=\"tel:678647973\">678 647 973<\/a><a href=\"tel:622051803\">.<\/a><\/p>\n<p>&nbsp;<\/p>\n<h2>Devoluciones<\/h2>\n<p>Dependiendo de la antelaci\u00f3n con la que nos informes de la cancelaci\u00f3n de tu reserva la cantidad remunerada variar\u00e1.<\/p>\n<ul>\n<li>Si nos avisas con <strong>m\u00e1s de 30 d\u00edas de antelaci\u00f3n <\/strong>a la fecha de entrada: Te devolveremos el 100% de lo que hayas pagado.<\/li>\n<li>Si nos avisas con <strong>m\u00e1s de 7 d\u00edas de antelaci\u00f3n<\/strong> a la fecha de entrada: Te devolveremos el 50% de lo que hayas pagado.<\/li>\n<li>Si nos avisas con <strong>7 d\u00edas o menos\u00a0de antelaci\u00f3n<\/strong> a la fecha de entrada: No te devolveremos nada, ya que habremos perdido la opci\u00f3n de reservar ese alojamiento.<\/li>\n<\/ul>\n<p>Es posible que tengamos que solicitarte un n\u00famero de cuenta para poder hacer el abono de la devoluci\u00f3n.<\/p>\n","protected":false},"excerpt":{"rendered":"<p>Pagos y cancelaciones Pagos \u00bfC\u00f3mo realizar\u00e9 el pago de mi reserva? Tras solicitar las fechas en las que est\u00e1s interesada te confirmaremos la [&hellip;]<\/p>\n","protected":false},"author":1,"featured_media":0,"parent":0,"menu_order":0,"comment_status":"closed","ping_status":"closed","template":"","meta":{"footnotes":""},"class_list":["post-4133","page","type-page","status-publish","hentry"],"yoast_head":"<!-- This site is optimized with the Yoast SEO plugin v27.1.1 - https:\/\/yoast.com\/product\/yoast-seo-wordpress\/ -->\n<title>Pagos y cancelaciones - Acampamento Caurel<\/title>\n<meta name=\"robots\" content=\"index, follow, max-snippet:-1, max-image-preview:large, max-video-preview:-1\" \/>\n<link rel=\"canonical\" href=\"https:\/\/acampamentocaurel.com\/es\/pagos-y-cancelaciones\/\" \/>\n<meta property=\"og:locale\" content=\"es_ES\" \/>\n<meta property=\"og:type\" content=\"article\" \/>\n<meta property=\"og:title\" content=\"Pagos y cancelaciones - Acampamento Caurel\" \/>\n<meta property=\"og:description\" content=\"Pagos y cancelaciones Pagos \u00bfC\u00f3mo realizar\u00e9 el pago de mi reserva? Tras solicitar las fechas en las que est\u00e1s interesada te confirmaremos la [&hellip;]\" \/>\n<meta property=\"og:url\" content=\"https:\/\/acampamentocaurel.com\/es\/pagos-y-cancelaciones\/\" \/>\n<meta property=\"og:site_name\" content=\"Acampamento Caurel\" \/>\n<meta property=\"article:modified_time\" content=\"2026-03-11T09:53:14+00:00\" \/>\n<meta name=\"twitter:card\" content=\"summary_large_image\" \/>\n<meta name=\"twitter:label1\" content=\"Tiempo de lectura\" \/>\n\t<meta name=\"twitter:data1\" content=\"2 minutos\" \/>\n<script type=\"application\/ld+json\" class=\"yoast-schema-graph\">{\"@context\":\"https:\/\/schema.org\",\"@graph\":[{\"@type\":\"WebPage\",\"@id\":\"https:\/\/acampamentocaurel.com\/es\/pagos-y-cancelaciones\/\",\"url\":\"https:\/\/acampamentocaurel.com\/es\/pagos-y-cancelaciones\/\",\"name\":\"Pagos y cancelaciones - Acampamento Caurel\",\"isPartOf\":{\"@id\":\"https:\/\/acampamentocaurel.com\/#website\"},\"datePublished\":\"2019-12-16T20:41:50+00:00\",\"dateModified\":\"2026-03-11T09:53:14+00:00\",\"breadcrumb\":{\"@id\":\"https:\/\/acampamentocaurel.com\/es\/pagos-y-cancelaciones\/#breadcrumb\"},\"inLanguage\":\"es\",\"potentialAction\":[{\"@type\":\"ReadAction\",\"target\":[\"https:\/\/acampamentocaurel.com\/es\/pagos-y-cancelaciones\/\"]}]},{\"@type\":\"BreadcrumbList\",\"@id\":\"https:\/\/acampamentocaurel.com\/es\/pagos-y-cancelaciones\/#breadcrumb\",\"itemListElement\":[{\"@type\":\"ListItem\",\"position\":1,\"name\":\"Portada\",\"item\":\"https:\/\/acampamentocaurel.com\/es\/\"},{\"@type\":\"ListItem\",\"position\":2,\"name\":\"Pagos y cancelaciones\"}]},{\"@type\":\"WebSite\",\"@id\":\"https:\/\/acampamentocaurel.com\/#website\",\"url\":\"https:\/\/acampamentocaurel.com\/\",\"name\":\"Acampamento Caurel\",\"description\":\"Camping y apartamentos en el Caurel\",\"potentialAction\":[{\"@type\":\"SearchAction\",\"target\":{\"@type\":\"EntryPoint\",\"urlTemplate\":\"https:\/\/acampamentocaurel.com\/?s={search_term_string}\"},\"query-input\":{\"@type\":\"PropertyValueSpecification\",\"valueRequired\":true,\"valueName\":\"search_term_string\"}}],\"inLanguage\":\"es\"}]}<\/script>\n<!-- \/ Yoast SEO plugin. -->","yoast_head_json":{"title":"Pagos y cancelaciones - Acampamento Caurel","robots":{"index":"index","follow":"follow","max-snippet":"max-snippet:-1","max-image-preview":"max-image-preview:large","max-video-preview":"max-video-preview:-1"},"canonical":"https:\/\/acampamentocaurel.com\/es\/pagos-y-cancelaciones\/","og_locale":"es_ES","og_type":"article","og_title":"Pagos y cancelaciones - Acampamento Caurel","og_description":"Pagos y cancelaciones Pagos \u00bfC\u00f3mo realizar\u00e9 el pago de mi reserva? Tras solicitar las fechas en las que est\u00e1s interesada te confirmaremos la [&hellip;]","og_url":"https:\/\/acampamentocaurel.com\/es\/pagos-y-cancelaciones\/","og_site_name":"Acampamento Caurel","article_modified_time":"2026-03-11T09:53:14+00:00","twitter_card":"summary_large_image","twitter_misc":{"Tiempo de lectura":"2 minutos"},"schema":{"@context":"https:\/\/schema.org","@graph":[{"@type":"WebPage","@id":"https:\/\/acampamentocaurel.com\/es\/pagos-y-cancelaciones\/","url":"https:\/\/acampamentocaurel.com\/es\/pagos-y-cancelaciones\/","name":"Pagos y cancelaciones - Acampamento Caurel","isPartOf":{"@id":"https:\/\/acampamentocaurel.com\/#website"},"datePublished":"2019-12-16T20:41:50+00:00","dateModified":"2026-03-11T09:53:14+00:00","breadcrumb":{"@id":"https:\/\/acampamentocaurel.com\/es\/pagos-y-cancelaciones\/#breadcrumb"},"inLanguage":"es","potentialAction":[{"@type":"ReadAction","target":["https:\/\/acampamentocaurel.com\/es\/pagos-y-cancelaciones\/"]}]},{"@type":"BreadcrumbList","@id":"https:\/\/acampamentocaurel.com\/es\/pagos-y-cancelaciones\/#breadcrumb","itemListElement":[{"@type":"ListItem","position":1,"name":"Portada","item":"https:\/\/acampamentocaurel.com\/es\/"},{"@type":"ListItem","position":2,"name":"Pagos y cancelaciones"}]},{"@type":"WebSite","@id":"https:\/\/acampamentocaurel.com\/#website","url":"https:\/\/acampamentocaurel.com\/","name":"Acampamento Caurel","description":"Camping y apartamentos en el Caurel","potentialAction":[{"@type":"SearchAction","target":{"@type":"EntryPoint","urlTemplate":"https:\/\/acampamentocaurel.com\/?s={search_term_string}"},"query-input":{"@type":"PropertyValueSpecification","valueRequired":true,"valueName":"search_term_string"}}],"inLanguage":"es"}]}},"_links":{"self":[{"href":"https:\/\/acampamentocaurel.com\/es\/wp-json\/wp\/v2\/pages\/4133","targetHints":{"allow":["GET"]}}],"collection":[{"href":"https:\/\/acampamentocaurel.com\/es\/wp-json\/wp\/v2\/pages"}],"about":[{"href":"https:\/\/acampamentocaurel.com\/es\/wp-json\/wp\/v2\/types\/page"}],"author":[{"embeddable":true,"href":"https:\/\/acampamentocaurel.com\/es\/wp-json\/wp\/v2\/users\/1"}],"replies":[{"embeddable":true,"href":"https:\/\/acampamentocaurel.com\/es\/wp-json\/wp\/v2\/comments?post=4133"}],"version-history":[{"count":11,"href":"https:\/\/acampamentocaurel.com\/es\/wp-json\/wp\/v2\/pages\/4133\/revisions"}],"predecessor-version":[{"id":6986,"href":"https:\/\/acampamentocaurel.com\/es\/wp-json\/wp\/v2\/pages\/4133\/revisions\/6986"}],"wp:attachment":[{"href":"https:\/\/acampamentocaurel.com\/es\/wp-json\/wp\/v2\/media?parent=4133"}],"curies":[{"name":"wp","href":"https:\/\/api.w.org\/{rel}","templated":true}]}}